{"id":4440,"date":"2020-08-31T16:55:04","date_gmt":"2020-08-31T13:55:04","guid":{"rendered":"https:\/\/facemsoft.ro\/?page_id=4440"},"modified":"2020-08-31T17:15:21","modified_gmt":"2020-08-31T14:15:21","slug":"faq","status":"publish","type":"page","link":"https:\/\/facemsoft.ro\/en\/faq\/","title":{"rendered":"Frequently Asked Questions"},"content":{"rendered":"<div data-elementor-type=\"wp-page\" data-elementor-id=\"4440\" class=\"elementor elementor-4440\">\n\t\t\t\t\t\t<section class=\"elementor-section elementor-top-section elementor-element elementor-element-3ae4595 elementor-section-boxed elementor-section-height-default elementor-section-height-default\" data-id=\"3ae4595\" data-element_type=\"section\" data-e-type=\"section\">\n\t\t\t\t\t\t<div class=\"elementor-container elementor-column-gap-default\">\n\t\t\t\t\t<div class=\"elementor-column elementor-col-100 elementor-top-column elementor-element elementor-element-427e54d\" data-id=\"427e54d\" data-element_type=\"column\" data-e-type=\"column\">\n\t\t\t<div class=\"elementor-widget-wrap elementor-element-populated\">\n\t\t\t\t\t\t<div class=\"elementor-element elementor-element-b6d9879 elementor-widget elementor-widget-toggle\" data-id=\"b6d9879\" data-element_type=\"widget\" data-e-type=\"widget\" data-widget_type=\"toggle.default\">\n\t\t\t\t<div class=\"elementor-widget-container\">\n\t\t\t\t\t\t\t<div class=\"elementor-toggle\">\n\t\t\t\t\t\t\t<div class=\"elementor-toggle-item\">\n\t\t\t\t\t<div id=\"elementor-tab-title-1911\" class=\"elementor-tab-title\" data-tab=\"1\" role=\"button\" aria-controls=\"elementor-tab-content-1911\" aria-expanded=\"false\">\n\t\t\t\t\t\t\t\t\t\t\t\t<span class=\"elementor-toggle-icon elementor-toggle-icon-left\" aria-hidden=\"true\">\n\t\t\t\t\t\t\t\t\t\t\t\t\t\t\t<span class=\"elementor-toggle-icon-closed\"><i class=\"fas fa-caret-right\"><\/i><\/span>\n\t\t\t\t\t\t\t\t<span class=\"elementor-toggle-icon-opened\"><i class=\"elementor-toggle-icon-opened fas fa-caret-up\"><\/i><\/span>\n\t\t\t\t\t\t\t\t\t\t\t\t\t<\/span>\n\t\t\t\t\t\t\t\t\t\t\t\t<a class=\"elementor-toggle-title\" tabindex=\"0\">Do you offer mentoring, private lessons or individual trainings?<\/a>\n\t\t\t\t\t<\/div>\n\n\t\t\t\t\t<div id=\"elementor-tab-content-1911\" class=\"elementor-tab-content elementor-clearfix\" data-tab=\"1\" role=\"region\" aria-labelledby=\"elementor-tab-title-1911\"><p>Unfortunately no. Our training programs are specially designed for companies only.<\/p><\/div>\n\t\t\t\t<\/div>\n\t\t\t\t\t\t\t<div class=\"elementor-toggle-item\">\n\t\t\t\t\t<div id=\"elementor-tab-title-1912\" class=\"elementor-tab-title\" data-tab=\"2\" role=\"button\" aria-controls=\"elementor-tab-content-1912\" aria-expanded=\"false\">\n\t\t\t\t\t\t\t\t\t\t\t\t<span class=\"elementor-toggle-icon elementor-toggle-icon-left\" aria-hidden=\"true\">\n\t\t\t\t\t\t\t\t\t\t\t\t\t\t\t<span class=\"elementor-toggle-icon-closed\"><i class=\"fas fa-caret-right\"><\/i><\/span>\n\t\t\t\t\t\t\t\t<span class=\"elementor-toggle-icon-opened\"><i class=\"elementor-toggle-icon-opened fas fa-caret-up\"><\/i><\/span>\n\t\t\t\t\t\t\t\t\t\t\t\t\t<\/span>\n\t\t\t\t\t\t\t\t\t\t\t\t<a class=\"elementor-toggle-title\" tabindex=\"0\">Where do the trainings take place?<\/a>\n\t\t\t\t\t<\/div>\n\n\t\t\t\t\t<div id=\"elementor-tab-content-1912\" class=\"elementor-tab-content elementor-clearfix\" data-tab=\"2\" role=\"region\" aria-labelledby=\"elementor-tab-title-1912\"><p>At the headquarters of the client (if there is a specially dedicated room) or at a mutually agreed location.<\/p><\/div>\n\t\t\t\t<\/div>\n\t\t\t\t\t\t\t<div class=\"elementor-toggle-item\">\n\t\t\t\t\t<div id=\"elementor-tab-title-1913\" class=\"elementor-tab-title\" data-tab=\"3\" role=\"button\" aria-controls=\"elementor-tab-content-1913\" aria-expanded=\"false\">\n\t\t\t\t\t\t\t\t\t\t\t\t<span class=\"elementor-toggle-icon elementor-toggle-icon-left\" aria-hidden=\"true\">\n\t\t\t\t\t\t\t\t\t\t\t\t\t\t\t<span class=\"elementor-toggle-icon-closed\"><i class=\"fas fa-caret-right\"><\/i><\/span>\n\t\t\t\t\t\t\t\t<span class=\"elementor-toggle-icon-opened\"><i class=\"elementor-toggle-icon-opened fas fa-caret-up\"><\/i><\/span>\n\t\t\t\t\t\t\t\t\t\t\t\t\t<\/span>\n\t\t\t\t\t\t\t\t\t\t\t\t<a class=\"elementor-toggle-title\" tabindex=\"0\">I saw that your social headquarters are in Vrancea county. Do you travel for trainings or discussions in the country as well?<\/a>\n\t\t\t\t\t<\/div>\n\n\t\t\t\t\t<div id=\"elementor-tab-content-1913\" class=\"elementor-tab-content elementor-clearfix\" data-tab=\"3\" role=\"region\" aria-labelledby=\"elementor-tab-title-1913\"><p>Yes, we are available at least once a week for appointments in Bucharest, but we can travel in Romania or abroad as well.<\/p><\/div>\n\t\t\t\t<\/div>\n\t\t\t\t\t\t\t<div class=\"elementor-toggle-item\">\n\t\t\t\t\t<div id=\"elementor-tab-title-1914\" class=\"elementor-tab-title\" data-tab=\"4\" role=\"button\" aria-controls=\"elementor-tab-content-1914\" aria-expanded=\"false\">\n\t\t\t\t\t\t\t\t\t\t\t\t<span class=\"elementor-toggle-icon elementor-toggle-icon-left\" aria-hidden=\"true\">\n\t\t\t\t\t\t\t\t\t\t\t\t\t\t\t<span class=\"elementor-toggle-icon-closed\"><i class=\"fas fa-caret-right\"><\/i><\/span>\n\t\t\t\t\t\t\t\t<span class=\"elementor-toggle-icon-opened\"><i class=\"elementor-toggle-icon-opened fas fa-caret-up\"><\/i><\/span>\n\t\t\t\t\t\t\t\t\t\t\t\t\t<\/span>\n\t\t\t\t\t\t\t\t\t\t\t\t<a class=\"elementor-toggle-title\" tabindex=\"0\">What is the cost of a training?<\/a>\n\t\t\t\t\t<\/div>\n\n\t\t\t\t\t<div id=\"elementor-tab-content-1914\" class=\"elementor-tab-content elementor-clearfix\" data-tab=\"4\" role=\"region\" aria-labelledby=\"elementor-tab-title-1914\"><p>The fee for trainings, consultancy or development starts from 30 euros\/hour, but depends on many factors, so please use the dedicated form for a custom quote.&nbsp;<\/p><\/div>\n\t\t\t\t<\/div>\n\t\t\t\t\t\t\t<div class=\"elementor-toggle-item\">\n\t\t\t\t\t<div id=\"elementor-tab-title-1915\" class=\"elementor-tab-title\" data-tab=\"5\" role=\"button\" aria-controls=\"elementor-tab-content-1915\" aria-expanded=\"false\">\n\t\t\t\t\t\t\t\t\t\t\t\t<span class=\"elementor-toggle-icon elementor-toggle-icon-left\" aria-hidden=\"true\">\n\t\t\t\t\t\t\t\t\t\t\t\t\t\t\t<span class=\"elementor-toggle-icon-closed\"><i class=\"fas fa-caret-right\"><\/i><\/span>\n\t\t\t\t\t\t\t\t<span class=\"elementor-toggle-icon-opened\"><i class=\"elementor-toggle-icon-opened fas fa-caret-up\"><\/i><\/span>\n\t\t\t\t\t\t\t\t\t\t\t\t\t<\/span>\n\t\t\t\t\t\t\t\t\t\t\t\t<a class=\"elementor-toggle-title\" tabindex=\"0\">In which areas is consulting offered?<\/a>\n\t\t\t\t\t<\/div>\n\n\t\t\t\t\t<div id=\"elementor-tab-content-1915\" class=\"elementor-tab-content elementor-clearfix\" data-tab=\"5\" role=\"region\" aria-labelledby=\"elementor-tab-title-1915\"><p>In all the areas specified in the Trainings section of our site. For more details, please used the dedicated form to ask for a quote.<\/p><\/div>\n\t\t\t\t<\/div>\n\t\t\t\t\t\t\t<div class=\"elementor-toggle-item\">\n\t\t\t\t\t<div id=\"elementor-tab-title-1916\" class=\"elementor-tab-title\" data-tab=\"6\" role=\"button\" aria-controls=\"elementor-tab-content-1916\" aria-expanded=\"false\">\n\t\t\t\t\t\t\t\t\t\t\t\t<span class=\"elementor-toggle-icon elementor-toggle-icon-left\" aria-hidden=\"true\">\n\t\t\t\t\t\t\t\t\t\t\t\t\t\t\t<span class=\"elementor-toggle-icon-closed\"><i class=\"fas fa-caret-right\"><\/i><\/span>\n\t\t\t\t\t\t\t\t<span class=\"elementor-toggle-icon-opened\"><i class=\"elementor-toggle-icon-opened fas fa-caret-up\"><\/i><\/span>\n\t\t\t\t\t\t\t\t\t\t\t\t\t<\/span>\n\t\t\t\t\t\t\t\t\t\t\t\t<a class=\"elementor-toggle-title\" tabindex=\"0\">What kind of mobile applications can you develop?<\/a>\n\t\t\t\t\t<\/div>\n\n\t\t\t\t\t<div id=\"elementor-tab-content-1916\" class=\"elementor-tab-content elementor-clearfix\" data-tab=\"6\" role=\"region\" aria-labelledby=\"elementor-tab-title-1916\"><p>Native, cross-platform (Xamarin) or hybrid apps for Android or iOS, depending on customer needs.<\/p><\/div>\n\t\t\t\t<\/div>\n\t\t\t\t\t\t\t\t<\/div>\n\t\t\t\t\t\t<\/div>\n\t\t\t\t<\/div>\n\t\t\t\t\t<\/div>\n\t\t<\/div>\n\t\t\t\t\t<\/div>\n\t\t<\/section>\n\t\t\t\t<\/div>","protected":false},"excerpt":{"rendered":"<p>Oferi\u021bi medita\u021bii\/programe de mentorat\/training-uri individuale? Din p\u0103cate nu, programele noastre de training sunt dedicate doar companiilor (persoane juridice). Unde se desf\u0103\u0219oar\u0103 training-urile? La sediul companiei solicitante (dac\u0103 exist\u0103 spa\u021biu special dedicat) sau \u00eentr-o loca\u021bie aleas\u0103 de comun acord. Am observat c\u0103 sediul social este \u00een Vrancea, v\u0103 deplasa\u021bi pentru training-uri [&hellip;]<\/p>\n","protected":false},"author":1,"featured_media":0,"parent":0,"menu_order":0,"comment_status":"closed","ping_status":"closed","template":"","meta":{"footnotes":""},"class_list":["post-4440","page","type-page","status-publish","hentry"],"yoast_head":"<!-- This site is optimized with the Yoast SEO plugin v27.4 - https:\/\/yoast.com\/product\/yoast-seo-wordpress\/ -->\n<title>\u00centreb\u0103ri frecvente - Facem Soft<\/title>\n<meta name=\"robots\" content=\"index, follow, max-snippet:-1, max-image-preview:large, max-video-preview:-1\" \/>\n<link rel=\"canonical\" href=\"https:\/\/facemsoft.ro\/en\/faq\/\" \/>\n<meta property=\"og:locale\" content=\"en_GB\" \/>\n<meta property=\"og:type\" content=\"article\" \/>\n<meta property=\"og:title\" content=\"\u00centreb\u0103ri frecvente - Facem Soft\" \/>\n<meta property=\"og:description\" content=\"Oferi\u021bi medita\u021bii\/programe de mentorat\/training-uri individuale? Din p\u0103cate nu, programele noastre de training sunt dedicate doar companiilor (persoane juridice). Unde se desf\u0103\u0219oar\u0103 training-urile? La sediul companiei solicitante (dac\u0103 exist\u0103 spa\u021biu special dedicat) sau \u00eentr-o loca\u021bie aleas\u0103 de comun acord. Am observat c\u0103 sediul social este \u00een Vrancea, v\u0103 deplasa\u021bi pentru training-uri [&hellip;]\" \/>\n<meta property=\"og:url\" content=\"https:\/\/facemsoft.ro\/en\/faq\/\" \/>\n<meta property=\"og:site_name\" content=\"Facem Soft\" \/>\n<meta property=\"article:publisher\" content=\"https:\/\/www.facebook.com\/facemsoft\" \/>\n<meta property=\"article:modified_time\" content=\"2020-08-31T14:15:21+00:00\" \/>\n<meta name=\"twitter:card\" content=\"summary_large_image\" \/>\n<meta name=\"twitter:label1\" content=\"Estimated reading time\" \/>\n\t<meta name=\"twitter:data1\" content=\"1 minute\" \/>\n<script type=\"application\/ld+json\" class=\"yoast-schema-graph\">{\"@context\":\"https:\\\/\\\/schema.org\",\"@graph\":[{\"@type\":\"WebPage\",\"@id\":\"https:\\\/\\\/facemsoft.ro\\\/faq\\\/\",\"url\":\"https:\\\/\\\/facemsoft.ro\\\/faq\\\/\",\"name\":\"\u00centreb\u0103ri frecvente - Facem Soft\",\"isPartOf\":{\"@id\":\"https:\\\/\\\/facemsoft.ro\\\/#website\"},\"datePublished\":\"2020-08-31T13:55:04+00:00\",\"dateModified\":\"2020-08-31T14:15:21+00:00\",\"inLanguage\":\"en-GB\",\"potentialAction\":[{\"@type\":\"ReadAction\",\"target\":[\"https:\\\/\\\/facemsoft.ro\\\/faq\\\/\"]}]},{\"@type\":\"WebSite\",\"@id\":\"https:\\\/\\\/facemsoft.ro\\\/#website\",\"url\":\"https:\\\/\\\/facemsoft.ro\\\/\",\"name\":\"Facem Soft\",\"description\":\"Cursuri IT livrate din pasiune pentru programare\",\"publisher\":{\"@id\":\"https:\\\/\\\/facemsoft.ro\\\/#organization\"},\"potentialAction\":[{\"@type\":\"SearchAction\",\"target\":{\"@type\":\"EntryPoint\",\"urlTemplate\":\"https:\\\/\\\/facemsoft.ro\\\/?s={search_term_string}\"},\"query-input\":{\"@type\":\"PropertyValueSpecification\",\"valueRequired\":true,\"valueName\":\"search_term_string\"}}],\"inLanguage\":\"en-GB\"},{\"@type\":\"Organization\",\"@id\":\"https:\\\/\\\/facemsoft.ro\\\/#organization\",\"name\":\"S.C. Facem Soft - Training & Consulting S.R.L.\",\"url\":\"https:\\\/\\\/facemsoft.ro\\\/\",\"logo\":{\"@type\":\"ImageObject\",\"inLanguage\":\"en-GB\",\"@id\":\"https:\\\/\\\/facemsoft.ro\\\/#\\\/schema\\\/logo\\\/image\\\/\",\"url\":\"https:\\\/\\\/i0.wp.com\\\/facemsoft.ro\\\/wp-content\\\/uploads\\\/2017\\\/09\\\/logo_site_v3.png?fit=3333%2C2500&ssl=1\",\"contentUrl\":\"https:\\\/\\\/i0.wp.com\\\/facemsoft.ro\\\/wp-content\\\/uploads\\\/2017\\\/09\\\/logo_site_v3.png?fit=3333%2C2500&ssl=1\",\"width\":3333,\"height\":2500,\"caption\":\"S.C. Facem Soft - Training & Consulting S.R.L.\"},\"image\":{\"@id\":\"https:\\\/\\\/facemsoft.ro\\\/#\\\/schema\\\/logo\\\/image\\\/\"},\"sameAs\":[\"https:\\\/\\\/www.facebook.com\\\/facemsoft\",\"https:\\\/\\\/www.instagram.com\\\/bogdaniancu88\\\/\",\"https:\\\/\\\/www.linkedin.com\\\/in\\\/bogdaniancu88\\\/\",\"https:\\\/\\\/www.youtube.com\\\/FacemSoft\"]}]}<\/script>\n<!-- \/ Yoast SEO plugin. -->","yoast_head_json":{"title":"\u00centreb\u0103ri frecvente - Facem Soft","robots":{"index":"index","follow":"follow","max-snippet":"max-snippet:-1","max-image-preview":"max-image-preview:large","max-video-preview":"max-video-preview:-1"},"canonical":"https:\/\/facemsoft.ro\/en\/faq\/","og_locale":"en_GB","og_type":"article","og_title":"\u00centreb\u0103ri frecvente - Facem Soft","og_description":"Oferi\u021bi medita\u021bii\/programe de mentorat\/training-uri individuale? Din p\u0103cate nu, programele noastre de training sunt dedicate doar companiilor (persoane juridice). Unde se desf\u0103\u0219oar\u0103 training-urile? La sediul companiei solicitante (dac\u0103 exist\u0103 spa\u021biu special dedicat) sau \u00eentr-o loca\u021bie aleas\u0103 de comun acord. Am observat c\u0103 sediul social este \u00een Vrancea, v\u0103 deplasa\u021bi pentru training-uri [&hellip;]","og_url":"https:\/\/facemsoft.ro\/en\/faq\/","og_site_name":"Facem Soft","article_publisher":"https:\/\/www.facebook.com\/facemsoft","article_modified_time":"2020-08-31T14:15:21+00:00","twitter_card":"summary_large_image","twitter_misc":{"Estimated reading time":"1 minute"},"schema":{"@context":"https:\/\/schema.org","@graph":[{"@type":"WebPage","@id":"https:\/\/facemsoft.ro\/faq\/","url":"https:\/\/facemsoft.ro\/faq\/","name":"\u00centreb\u0103ri frecvente - Facem Soft","isPartOf":{"@id":"https:\/\/facemsoft.ro\/#website"},"datePublished":"2020-08-31T13:55:04+00:00","dateModified":"2020-08-31T14:15:21+00:00","inLanguage":"en-GB","potentialAction":[{"@type":"ReadAction","target":["https:\/\/facemsoft.ro\/faq\/"]}]},{"@type":"WebSite","@id":"https:\/\/facemsoft.ro\/#website","url":"https:\/\/facemsoft.ro\/","name":"Facem Soft","description":"Cursuri IT livrate din pasiune pentru programare","publisher":{"@id":"https:\/\/facemsoft.ro\/#organization"},"potentialAction":[{"@type":"SearchAction","target":{"@type":"EntryPoint","urlTemplate":"https:\/\/facemsoft.ro\/?s={search_term_string}"},"query-input":{"@type":"PropertyValueSpecification","valueRequired":true,"valueName":"search_term_string"}}],"inLanguage":"en-GB"},{"@type":"Organization","@id":"https:\/\/facemsoft.ro\/#organization","name":"S.C. Facem Soft - Training & Consulting S.R.L.","url":"https:\/\/facemsoft.ro\/","logo":{"@type":"ImageObject","inLanguage":"en-GB","@id":"https:\/\/facemsoft.ro\/#\/schema\/logo\/image\/","url":"https:\/\/i0.wp.com\/facemsoft.ro\/wp-content\/uploads\/2017\/09\/logo_site_v3.png?fit=3333%2C2500&ssl=1","contentUrl":"https:\/\/i0.wp.com\/facemsoft.ro\/wp-content\/uploads\/2017\/09\/logo_site_v3.png?fit=3333%2C2500&ssl=1","width":3333,"height":2500,"caption":"S.C. Facem Soft - Training & Consulting S.R.L."},"image":{"@id":"https:\/\/facemsoft.ro\/#\/schema\/logo\/image\/"},"sameAs":["https:\/\/www.facebook.com\/facemsoft","https:\/\/www.instagram.com\/bogdaniancu88\/","https:\/\/www.linkedin.com\/in\/bogdaniancu88\/","https:\/\/www.youtube.com\/FacemSoft"]}]}},"jetpack_sharing_enabled":true,"jetpack_shortlink":"https:\/\/wp.me\/P81Qbo-19C","_links":{"self":[{"href":"https:\/\/facemsoft.ro\/en\/wp-json\/wp\/v2\/pages\/4440","targetHints":{"allow":["GET"]}}],"collection":[{"href":"https:\/\/facemsoft.ro\/en\/wp-json\/wp\/v2\/pages"}],"about":[{"href":"https:\/\/facemsoft.ro\/en\/wp-json\/wp\/v2\/types\/page"}],"author":[{"embeddable":true,"href":"https:\/\/facemsoft.ro\/en\/wp-json\/wp\/v2\/users\/1"}],"replies":[{"embeddable":true,"href":"https:\/\/facemsoft.ro\/en\/wp-json\/wp\/v2\/comments?post=4440"}],"version-history":[{"count":0,"href":"https:\/\/facemsoft.ro\/en\/wp-json\/wp\/v2\/pages\/4440\/revisions"}],"wp:attachment":[{"href":"https:\/\/facemsoft.ro\/en\/wp-json\/wp\/v2\/media?parent=4440"}],"curies":[{"name":"wp","href":"https:\/\/api.w.org\/{rel}","templated":true}]}}