{"id":3370,"date":"2018-05-24T21:45:03","date_gmt":"2018-05-24T18:45:03","guid":{"rendered":"https:\/\/facemsoft.ro\/?page_id=3370"},"modified":"2019-06-13T20:58:10","modified_gmt":"2019-06-13T17:58:10","slug":"politica-cookies","status":"publish","type":"page","link":"https:\/\/facemsoft.ro\/en\/politica-cookies\/","title":{"rendered":"We have cookies"},"content":{"rendered":"<h1>Politica privind fi\u0219ierele cookies ?<\/h1>\n<p>Ultima actualizare: 24 mai 2018<\/p>\n<h3>1. Introducere<\/h3>\n<p>Prezenta Politic\u0103 privind fi\u0219ierele cookies se aplic\u0103 tuturor utilizatorilor paginii de internet facemsoft.ro. Informa\u021biile prezentate \u00een continuare au ca scop informarea utilizatorilor acestei pagini de internet cu privire la plasarea, utilizarea \u0219i administrarea cookie-urilor\u00a0de c\u0103tre<span>\u00a0<\/span><span><strong>Facem Soft &#8211; Training &amp; Consulting S.R.L.<\/strong>, persoan\u0103 juridic\u0103 rom\u00e2n\u0103, cu sediul \u00een mun. Adjud, jud. Vrancea, Strada Libert\u0103\u021bii, nr 13, \u00eenregistrat\u0103 la Registrul Comer\u021bului sub nr. J39\/340\/2018, cod unic de \u00eenregistrare 39261540, denumit\u0103 \u00een continuare <strong>Facem Soft<\/strong> sau <strong>noi<\/strong>.<\/span><\/p>\n<h3>2. Ce sunt cookie-urile?<\/h3>\n<p>Folosim termenul \u201ecookie\u201d-uri pentru a ne referi la modulele cookie \u0219i la tehnologiile similare prin intermediul c\u0103rora pot fi colectate informa\u021bii \u00een mod automat.<br \/>\nUn \u201eInternet Cookie\u201d (termen cunoscut \u0219i sub denumirea de \u201ebrowser cookie\u201d sau \u201eHTTP cookie\u201d ori simplu \u201ecookie\u201d) reprezint\u0103 un fi\u0219ier de mici dimensiuni, format din litere \u0219i numere, care va fi stocat pe computerul, terminalul mobil sau pe alte echipamente ale unui utilizator prin intermediul c\u0103rora se acceseaz\u0103 internetul.<br \/>\nCookie-urile sunt instalate prin solicitarea emis\u0103 de un server web c\u0103tre un browser (de ex.: Internet Explorer, Firefox, Chrome). Cookie-urile odat\u0103 instalate au o durat\u0103 de existen\u021b\u0103 determinat\u0103, r\u0103m\u00e2n\u00e2nd \u201epasive\u201d, \u00een sensul c\u0103 nu con\u021bin programe software, viru\u0219i sau spyware \u0219i nu vor accesa informa\u021biile de pe hard driverul utilizatorului pe al c\u0103rui echipament au fost instalate.<br \/>\nUn cookie este format din dou\u0103 p\u0103r\u021bi:<\/p>\n<ul>\n<li>\u00a0numele cookie-ului<\/li>\n<li>con\u021binutul sau valoarea cookie-ului<\/li>\n<\/ul>\n<p>Din punct de vedere tehnic, doar serverul web care a trimis cookie-ul \u00eel poate accesa din nou \u00een momentul \u00een care un utilizator se \u00eentoarce pe pagina de internet asociat\u0103 serverului web respectiv.<\/p>\n<h3>3. Pentru ce scopuri sunt utilizate cookie-urile prin intermediul acestei pagini de internet:<\/h3>\n<p>Cookie-urile sunt utilizate pentru a furniza utilizatorilor acestei pagini de internet o experien\u021b\u0103 mai bun\u0103 de navigare \u0219i servicii adaptate nevoilor \u0219i interesului fiec\u0103rui utilizator \u00een parte \u0219i anume pentru:<\/p>\n<ul>\n<li>\u00eembun\u0103t\u0103\u021birea utiliz\u0103rii acestei pagini de internet, inclusiv prin identificarea oric\u0103ror erori care apar \u00een timpul vizit\u0103rii\/utiliz\u0103rii acesteia de c\u0103tre utilizatori;<\/li>\n<li>furnizarea de statistici anonime cu privire la modul \u00een care este utilizat\u0103 aceast\u0103 pagin\u0103 de internet c\u0103tre<span>\u00a0<\/span><span>Facem Soft.<\/span>, \u00een calitate de de\u021bin\u0103tor al acestei pagini de internet;<\/li>\n<li>anticiparea unor eventuale bunuri care vor fi \u00een viitor puse la dispozi\u021bia utilizatorilor prin intermediul acestei pagini de internet, \u00een func\u021bie de serviciile\/produsele\/paginile accesate.<\/li>\n<\/ul>\n<p>Pe baza feedback-ului transmis prin cookie-uri \u00een leg\u0103tur\u0103 cu modul \u00een care se utilizeaz\u0103 aceast\u0103 pagin\u0103 de internet,<span>\u00a0<\/span><span>Facem Soft<\/span><span>\u00a0<\/span>poate adopta m\u0103suri pentru ca aceast\u0103 pagin\u0103 de internet s\u0103 fie mai eficient\u0103 \u0219i mai accesibil\u0103 pentru utilizatori.<br \/>\nAstfel, utilizarea cookie-urilor permite memorarea anumitor set\u0103ri\/preferin\u021be stabilite de c\u0103tre utilizatorii acestei pagini de internet, precum:<\/p>\n<ul>\n<li>limba \u00een care este vizualizat\u0103 pagina de internet;<\/li>\n<li>moneda \u00een care se exprim\u0103 anumite pre\u021buri sau tarife;<\/li>\n<li>facilitarea accesului \u00een contul utilizatorilor;<\/li>\n<li>folosirea formularelor de contact;<\/li>\n<li>postarea comentariilor pe site.<\/li>\n<\/ul>\n<h3>4. Care este durata de via\u021b\u0103 a cookie-urilor?<\/h3>\n<p>Durata de via\u021b\u0103 a cookie-urilor poate varia semnificativ, depinz\u00e2nd de scopul pentru care este plasat. Exist\u0103 urm\u0103toarele categorii de cookie-uri care determin\u0103 \u0219i durata de via\u021b\u0103 a acestora:<\/p>\n<ul>\n<li><strong>Cookie-uri de sesiune<\/strong><span>\u00a0<\/span>\u2013 Un \u201ecookie de sesiune\u201d este un cookie care este \u0219ters automat c\u00e2nd utilizatorul \u00ee\u0219i \u00eenchide browserul.<\/li>\n<li><strong>Cookie-uri persistente sau fixe<\/strong><span>\u00a0<\/span>\u2013 Un \u201ecookie persistent\u201d sau \u201efix\u201d este un cookie care r\u0103m\u00e2ne stocat \u00een terminalul utilizatorului p\u00e2n\u0103 c\u00e2nd atinge o anumit\u0103 dat\u0103 de expirare (care poate fi \u00een c\u00e2teva minute, zile sau c\u00e2\u021biva ani \u00een viitor) sau p\u00e2n\u0103 la \u0219tegerea acestuia de c\u0103tre utilizator \u00een orice moment prin intermediul set\u0103rilor browserului.<\/li>\n<\/ul>\n<h3>5. Ce sunt cookie-urile plasate de ter\u021bi?<\/h3>\n<p>Anumite sec\u021biuni de con\u021binut de pe pagina de internet pot fi furnizate prin intermediul unor ter\u021bi, adic\u0103 nu de c\u0103tre<span>\u00a0<\/span><span>Facem Soft<\/span>, caz \u00een care aceste cookie-uri sunt denumite cookie-uri plasate de ter\u021bi (\u201ethird party cookies\u201d).<br \/>\nTer\u021bii furnizori ai cookie-urilor trebuie s\u0103 respecte, de asemenea, regulile \u00een materie de protec\u021bie a datelor \u0219i <a href=\"https:\/\/facemsoft.ro\/en\/confidentialitate\/\">Politica de Confiden\u021bialitate<\/a> disponibil\u0103 pe aceast\u0103 pagin\u0103 de internet.<br \/>\nAceste cookie-uri pot proveni de la urmatorii ter\u021bi: Google Analytics, Facebook, WordPress sau Automattic.<\/p>\n<h3>6. Ce cookie-uri sunt folosite prin intermediul acestei pagini de internet:<\/h3>\n<p>Prin utilizarea\/vizitarea paginii de internet pot fi plasate urm\u0103toarele cookie-uri:<\/p>\n<p>a. Cookie-uri de performan\u021b\u0103 a paginii de internet;<br \/>\nb. Cookie-uri de analiz\u0103 a utilizatorilor;<br \/>\nc. Cookie-uri pentru geotargetting;<br \/>\nd. Cookie-uri de \u00eenregistrare;<br \/>\ne. Cookie-uri pentru publicitate;<br \/>\nf. Cookie-uri ale furnizorilor de publicitate;<\/p>\n<h4>a. Cookie-uri de performan\u021b\u0103<\/h4>\n<p>Prin acest tip de cookie-uri sunt memorate preferin\u021bele utilizatorului acestei pagini de internet, astfel \u00eenc\u00e2t setarea din nou a preferin\u021belor \u00een cazul vizit\u0103rii ulterioare a paginii de internet nu mai este necesar\u0103.<\/p>\n<h4>b. Cookie-uri de analiz\u0103 a utilizatorilor<\/h4>\n<p>Aceste cookie-uri ne informeaz\u0103 dac\u0103 un anumit utilizator al paginii de internet a mai vizitat\/utilizat aceast\u0103 pagin\u0103 de internet anterior. Aceste cookie-uri sunt utilizate doar \u00een scopuri statistice.<\/p>\n<h4>c. Cookie-uri pentru geotargetting<\/h4>\n<p>Aceste cookie-uri sunt utilizate de c\u0103tre un soft care stabile\u0219te \u021bara de provenien\u021b\u0103 a utilizatorului paginii de internet. Vor fi primite acelea\u0219i reclame indiferent de limba selectat\u0103.<\/p>\n<h4>d. Cookie-uri pentru \u00eenregistrare<\/h4>\n<p>Atunci c\u00e2nd v\u0103 \u00eenregistra\u021bi pe acest site, se genereaz\u0103 cookie-uri care memoreaz\u0103 acest demers. Serverele utilizeaz\u0103 aceste cookie-uri pentru a ne ar\u0103ta contul cu care sunte\u021bi \u00eenregistrat. De asemenea, utilizarea acestor cookie-uri permite s\u0103 asociem orice comentariu postat pe pagina de internet cu username-ul contului folosit. \u00cen cazul \u00een care nu a fost selectat\u0103 op\u021biunea \u201ep\u0103streaz\u0103-m\u0103 \u00eenregistrat\u201d, aceste cookie-uri se vor \u0219terge automat la momentul termin\u0103rii sesiunii de navigare.<\/p>\n<h4>e. Cookie-uri pentru publicitate<\/h4>\n<p>Aceste cookie-uri permit aflarea vizualiz\u0103rii de c\u0103tre un utilizator a unei reclame online, tipul acesteia \u0219i timpul scurs de la momentul vizualiz\u0103rii respectviului mesaj publicitar. Ca atare, astfel de cookie-uri sunt folosite pentru targetarea publicit\u0103\u021bii online. Aceste cookie-uri sunt anonime, stoc\u00e2nd informa\u021bii despre contentul vizualizat, nu \u0219i despre utilizatori.<\/p>\n<h3>7. Ce tip de informa\u021bii sunt stocate \u0219i accesate prin intermediul cookie-urilor?<\/h3>\n<p>Cookie-urile p\u0103streaz\u0103 informa\u021bii \u00eentr-un fi\u0219ier text de mici dimensiuni care permit recunoa\u0219terea browserului. Aceast\u0103 pagin\u0103 de internet recunoa\u0219te browserul p\u00e2n\u0103 c\u00e2nd cookie-urile expir\u0103 sau sunt \u0219terse.<\/p>\n<h3>8. Particularizarea set\u0103rile browserului \u00een ceea ce prive\u0219te cookie-urile<\/h3>\n<p>\u00cen cazul \u00een care utilizarea cookie-urilor nu este deranjant\u0103 iar calculatorul sau echipamentul tehnic utilizat pentru navigarea pe aceast\u0103 pagin\u0103 de internet este folosit doar de c\u0103tre dumneavoastr\u0103, pot fi setate termene lungi de expirare pentru stocrarea istoricului de navigare.<br \/>\n\u00cen cazul \u00een care calculatorul sau echipamentul tehnic utilizat pentru navigarea pe aceast\u0103 pagin\u0103 de internet este folosit de mai multe persoane, poate fi luat\u0103 \u00een considerare setarea pentru \u0219tergerea datelor individuale de navigare de fiecare dat\u0103 c\u00e2nd browserul este \u00eenchis.<\/p>\n<h3>9. Cum pot fi oprite cookie-urile?<\/h3>\n<p>Dezactivarea \u0219i refuzul de a primi cookie-uri pot face aceast\u0103 pagin\u0103 de internet dificil de vizitat, atr\u0103g\u00e2nd dup\u0103 sine limit\u0103ri ale posibilit\u0103\u021bilor de utilizare ale acesteia.<br \/>\nUtilizatorii \u00ee\u0219i pot configura browserul s\u0103 resping\u0103 fi\u0219ierele cookie sau s\u0103 fie acceptate cookie-uri de la o pagin\u0103 de internet anume.<br \/>\nToate browserele moderne ofer\u0103 posibilitatea de a schimba set\u0103rile cookie-urilor. Aceste set\u0103ri pot fi accesate, ca regul\u0103, \u00een sec\u021biunea \u201eop\u021biuni\u201d sau \u00een meniul de \u201epreferin\u021be\u201d al browserului t\u0103u.<br \/>\nTotu\u0219i, refuzarea sau dezactivarea cookie-urilor nu \u00eenseamn\u0103 c\u0103 nu ve\u021bi mai primi publicitate online \u2013 ci doar ca aceasta nu va fi adaptat\u0103 preferin\u021belor \u0219i interesele dumneavoastr\u0103, eviden\u021biate prin comportamentul de navigare.<\/p>\n<p>Pentru a \u00een\u021belege aceste set\u0103ri, urm\u0103toarele linkuri pot fi folositoare:<\/p>\n<ul>\n<li><a href=\"https:\/\/support.microsoft.com\/en-us\/help\/17442\/windows-internet-explorer-delete-manage-cookies\" target=\"_blank\" rel=\"noopener noreferrer\">Cookie settings in Internet Explorer<\/a><\/li>\n<li><a href=\"https:\/\/support.mozilla.org\/en-US\/kb\/enable-and-disable-cookies-website-preferences\" target=\"_blank\" rel=\"noopener noreferrer\">Cookie settings in Firefox<\/a><\/li>\n<li><a href=\"https:\/\/support.google.com\/chrome\/answer\/95647\" target=\"_blank\" rel=\"noopener noreferrer\">Cookie settings in Chrome<\/a><\/li>\n<li><a href=\"https:\/\/support.apple.com\/kb\/ph21411\" target=\"_blank\" rel=\"noopener noreferrer\">Cookie settings in Safari<\/a><\/li>\n<\/ul>\n<p>Pentru orice \u00eentreb\u0103ri suplimentare cu privire la modul \u00een sunt utilizate cookie-urile prin intermediul acestei pagini de internet, v\u0103 rug\u0103m s\u0103 ne contacta\u021bi folosind adresa office@facemsoft.ro.<\/p>\n<p><span>Not\u0103: Putem actualiza aceast\u0103 Politic\u0103 periodic \u0219i vom notifica orice modificare prin postarea noii variante pe Site-ul nostru. V\u0103 rug\u0103m s\u0103 consulta\u021bi periodic aceast\u0103 Politic\u0103 pentru orice modific\u0103ri.<\/span><\/p>","protected":false},"excerpt":{"rendered":"<p>Politica privind fi\u0219ierele cookies ? Ultima actualizare: 24 mai 2018 1. Introducere Prezenta Politic\u0103 privind fi\u0219ierele cookies se aplic\u0103 tuturor utilizatorilor paginii de internet facemsoft.ro. Informa\u021biile prezentate \u00een continuare au ca scop informarea utilizatorilor acestei pagini de internet cu privire la plasarea, utilizarea \u0219i administrarea cookie-urilor\u00a0de c\u0103tre\u00a0Facem Soft &#8211; Training [&hellip;]<\/p>\n","protected":false},"author":1,"featured_media":3381,"parent":0,"menu_order":0,"comment_status":"closed","ping_status":"closed","template":"","meta":{"footnotes":""},"class_list":["post-3370","page","type-page","status-publish","has-post-thumbnail","hentry"],"yoast_head":"<!-- This site is optimized with the Yoast SEO plugin v27.4 - https:\/\/yoast.com\/product\/yoast-seo-wordpress\/ -->\n<title>We have cookies - Facem Soft<\/title>\n<meta name=\"robots\" content=\"index, follow, max-snippet:-1, max-image-preview:large, max-video-preview:-1\" \/>\n<link rel=\"canonical\" href=\"https:\/\/facemsoft.ro\/en\/politica-cookies\/\" \/>\n<meta property=\"og:locale\" content=\"en_GB\" \/>\n<meta property=\"og:type\" content=\"article\" \/>\n<meta property=\"og:title\" content=\"We have cookies - Facem Soft\" \/>\n<meta property=\"og:description\" content=\"Politica privind fi\u0219ierele cookies ? Ultima actualizare: 24 mai 2018 1. Introducere Prezenta Politic\u0103 privind fi\u0219ierele cookies se aplic\u0103 tuturor utilizatorilor paginii de internet facemsoft.ro. Informa\u021biile prezentate \u00een continuare au ca scop informarea utilizatorilor acestei pagini de internet cu privire la plasarea, utilizarea \u0219i administrarea cookie-urilor\u00a0de c\u0103tre\u00a0Facem Soft &#8211; Training [&hellip;]\" \/>\n<meta property=\"og:url\" content=\"https:\/\/facemsoft.ro\/en\/politica-cookies\/\" \/>\n<meta property=\"og:site_name\" content=\"Facem Soft\" \/>\n<meta property=\"article:publisher\" content=\"https:\/\/www.facebook.com\/facemsoft\" \/>\n<meta property=\"article:modified_time\" content=\"2019-06-13T17:58:10+00:00\" \/>\n<meta property=\"og:image\" content=\"https:\/\/i0.wp.com\/facemsoft.ro\/wp-content\/uploads\/2018\/05\/cookies.png?fit=1920%2C1356&ssl=1\" \/>\n\t<meta property=\"og:image:width\" content=\"1920\" \/>\n\t<meta property=\"og:image:height\" content=\"1356\" \/>\n\t<meta property=\"og:image:type\" content=\"image\/png\" \/>\n<meta name=\"twitter:card\" content=\"summary_large_image\" \/>\n<meta name=\"twitter:label1\" content=\"Estimated reading time\" \/>\n\t<meta name=\"twitter:data1\" content=\"7 minutes\" \/>\n<script type=\"application\/ld+json\" class=\"yoast-schema-graph\">{\"@context\":\"https:\\\/\\\/schema.org\",\"@graph\":[{\"@type\":\"WebPage\",\"@id\":\"https:\\\/\\\/facemsoft.ro\\\/politica-cookies\\\/\",\"url\":\"https:\\\/\\\/facemsoft.ro\\\/politica-cookies\\\/\",\"name\":\"We have cookies - Facem Soft\",\"isPartOf\":{\"@id\":\"https:\\\/\\\/facemsoft.ro\\\/#website\"},\"primaryImageOfPage\":{\"@id\":\"https:\\\/\\\/facemsoft.ro\\\/politica-cookies\\\/#primaryimage\"},\"image\":{\"@id\":\"https:\\\/\\\/facemsoft.ro\\\/politica-cookies\\\/#primaryimage\"},\"thumbnailUrl\":\"https:\\\/\\\/i0.wp.com\\\/facemsoft.ro\\\/wp-content\\\/uploads\\\/2018\\\/05\\\/cookies.png?fit=1920%2C1356&ssl=1\",\"datePublished\":\"2018-05-24T18:45:03+00:00\",\"dateModified\":\"2019-06-13T17:58:10+00:00\",\"inLanguage\":\"en-GB\",\"potentialAction\":[{\"@type\":\"ReadAction\",\"target\":[\"https:\\\/\\\/facemsoft.ro\\\/politica-cookies\\\/\"]}]},{\"@type\":\"ImageObject\",\"inLanguage\":\"en-GB\",\"@id\":\"https:\\\/\\\/facemsoft.ro\\\/politica-cookies\\\/#primaryimage\",\"url\":\"https:\\\/\\\/i0.wp.com\\\/facemsoft.ro\\\/wp-content\\\/uploads\\\/2018\\\/05\\\/cookies.png?fit=1920%2C1356&ssl=1\",\"contentUrl\":\"https:\\\/\\\/i0.wp.com\\\/facemsoft.ro\\\/wp-content\\\/uploads\\\/2018\\\/05\\\/cookies.png?fit=1920%2C1356&ssl=1\",\"width\":\"1920\",\"height\":\"1356\",\"caption\":\"Prajituri\"},{\"@type\":\"WebSite\",\"@id\":\"https:\\\/\\\/facemsoft.ro\\\/#website\",\"url\":\"https:\\\/\\\/facemsoft.ro\\\/\",\"name\":\"Facem Soft\",\"description\":\"Cursuri IT livrate din pasiune pentru programare\",\"publisher\":{\"@id\":\"https:\\\/\\\/facemsoft.ro\\\/#organization\"},\"potentialAction\":[{\"@type\":\"SearchAction\",\"target\":{\"@type\":\"EntryPoint\",\"urlTemplate\":\"https:\\\/\\\/facemsoft.ro\\\/?s={search_term_string}\"},\"query-input\":{\"@type\":\"PropertyValueSpecification\",\"valueRequired\":true,\"valueName\":\"search_term_string\"}}],\"inLanguage\":\"en-GB\"},{\"@type\":\"Organization\",\"@id\":\"https:\\\/\\\/facemsoft.ro\\\/#organization\",\"name\":\"S.C. Facem Soft - Training & Consulting S.R.L.\",\"url\":\"https:\\\/\\\/facemsoft.ro\\\/\",\"logo\":{\"@type\":\"ImageObject\",\"inLanguage\":\"en-GB\",\"@id\":\"https:\\\/\\\/facemsoft.ro\\\/#\\\/schema\\\/logo\\\/image\\\/\",\"url\":\"https:\\\/\\\/i0.wp.com\\\/facemsoft.ro\\\/wp-content\\\/uploads\\\/2017\\\/09\\\/logo_site_v3.png?fit=3333%2C2500&ssl=1\",\"contentUrl\":\"https:\\\/\\\/i0.wp.com\\\/facemsoft.ro\\\/wp-content\\\/uploads\\\/2017\\\/09\\\/logo_site_v3.png?fit=3333%2C2500&ssl=1\",\"width\":3333,\"height\":2500,\"caption\":\"S.C. Facem Soft - Training & Consulting S.R.L.\"},\"image\":{\"@id\":\"https:\\\/\\\/facemsoft.ro\\\/#\\\/schema\\\/logo\\\/image\\\/\"},\"sameAs\":[\"https:\\\/\\\/www.facebook.com\\\/facemsoft\",\"https:\\\/\\\/www.instagram.com\\\/bogdaniancu88\\\/\",\"https:\\\/\\\/www.linkedin.com\\\/in\\\/bogdaniancu88\\\/\",\"https:\\\/\\\/www.youtube.com\\\/FacemSoft\"]}]}<\/script>\n<!-- \/ Yoast SEO plugin. -->","yoast_head_json":{"title":"We have cookies - Facem Soft","robots":{"index":"index","follow":"follow","max-snippet":"max-snippet:-1","max-image-preview":"max-image-preview:large","max-video-preview":"max-video-preview:-1"},"canonical":"https:\/\/facemsoft.ro\/en\/politica-cookies\/","og_locale":"en_GB","og_type":"article","og_title":"We have cookies - Facem Soft","og_description":"Politica privind fi\u0219ierele cookies ? Ultima actualizare: 24 mai 2018 1. Introducere Prezenta Politic\u0103 privind fi\u0219ierele cookies se aplic\u0103 tuturor utilizatorilor paginii de internet facemsoft.ro. Informa\u021biile prezentate \u00een continuare au ca scop informarea utilizatorilor acestei pagini de internet cu privire la plasarea, utilizarea \u0219i administrarea cookie-urilor\u00a0de c\u0103tre\u00a0Facem Soft &#8211; Training [&hellip;]","og_url":"https:\/\/facemsoft.ro\/en\/politica-cookies\/","og_site_name":"Facem Soft","article_publisher":"https:\/\/www.facebook.com\/facemsoft","article_modified_time":"2019-06-13T17:58:10+00:00","og_image":[{"width":1920,"height":1356,"url":"https:\/\/i0.wp.com\/facemsoft.ro\/wp-content\/uploads\/2018\/05\/cookies.png?fit=1920%2C1356&ssl=1","type":"image\/png"}],"twitter_card":"summary_large_image","twitter_misc":{"Estimated reading time":"7 minutes"},"schema":{"@context":"https:\/\/schema.org","@graph":[{"@type":"WebPage","@id":"https:\/\/facemsoft.ro\/politica-cookies\/","url":"https:\/\/facemsoft.ro\/politica-cookies\/","name":"We have cookies - Facem Soft","isPartOf":{"@id":"https:\/\/facemsoft.ro\/#website"},"primaryImageOfPage":{"@id":"https:\/\/facemsoft.ro\/politica-cookies\/#primaryimage"},"image":{"@id":"https:\/\/facemsoft.ro\/politica-cookies\/#primaryimage"},"thumbnailUrl":"https:\/\/i0.wp.com\/facemsoft.ro\/wp-content\/uploads\/2018\/05\/cookies.png?fit=1920%2C1356&ssl=1","datePublished":"2018-05-24T18:45:03+00:00","dateModified":"2019-06-13T17:58:10+00:00","inLanguage":"en-GB","potentialAction":[{"@type":"ReadAction","target":["https:\/\/facemsoft.ro\/politica-cookies\/"]}]},{"@type":"ImageObject","inLanguage":"en-GB","@id":"https:\/\/facemsoft.ro\/politica-cookies\/#primaryimage","url":"https:\/\/i0.wp.com\/facemsoft.ro\/wp-content\/uploads\/2018\/05\/cookies.png?fit=1920%2C1356&ssl=1","contentUrl":"https:\/\/i0.wp.com\/facemsoft.ro\/wp-content\/uploads\/2018\/05\/cookies.png?fit=1920%2C1356&ssl=1","width":"1920","height":"1356","caption":"Prajituri"},{"@type":"WebSite","@id":"https:\/\/facemsoft.ro\/#website","url":"https:\/\/facemsoft.ro\/","name":"Facem Soft","description":"Cursuri IT livrate din pasiune pentru programare","publisher":{"@id":"https:\/\/facemsoft.ro\/#organization"},"potentialAction":[{"@type":"SearchAction","target":{"@type":"EntryPoint","urlTemplate":"https:\/\/facemsoft.ro\/?s={search_term_string}"},"query-input":{"@type":"PropertyValueSpecification","valueRequired":true,"valueName":"search_term_string"}}],"inLanguage":"en-GB"},{"@type":"Organization","@id":"https:\/\/facemsoft.ro\/#organization","name":"S.C. Facem Soft - Training & Consulting S.R.L.","url":"https:\/\/facemsoft.ro\/","logo":{"@type":"ImageObject","inLanguage":"en-GB","@id":"https:\/\/facemsoft.ro\/#\/schema\/logo\/image\/","url":"https:\/\/i0.wp.com\/facemsoft.ro\/wp-content\/uploads\/2017\/09\/logo_site_v3.png?fit=3333%2C2500&ssl=1","contentUrl":"https:\/\/i0.wp.com\/facemsoft.ro\/wp-content\/uploads\/2017\/09\/logo_site_v3.png?fit=3333%2C2500&ssl=1","width":3333,"height":2500,"caption":"S.C. Facem Soft - Training & Consulting S.R.L."},"image":{"@id":"https:\/\/facemsoft.ro\/#\/schema\/logo\/image\/"},"sameAs":["https:\/\/www.facebook.com\/facemsoft","https:\/\/www.instagram.com\/bogdaniancu88\/","https:\/\/www.linkedin.com\/in\/bogdaniancu88\/","https:\/\/www.youtube.com\/FacemSoft"]}]}},"jetpack_sharing_enabled":false,"jetpack_shortlink":"https:\/\/wp.me\/P81Qbo-Sm","_links":{"self":[{"href":"https:\/\/facemsoft.ro\/en\/wp-json\/wp\/v2\/pages\/3370","targetHints":{"allow":["GET"]}}],"collection":[{"href":"https:\/\/facemsoft.ro\/en\/wp-json\/wp\/v2\/pages"}],"about":[{"href":"https:\/\/facemsoft.ro\/en\/wp-json\/wp\/v2\/types\/page"}],"author":[{"embeddable":true,"href":"https:\/\/facemsoft.ro\/en\/wp-json\/wp\/v2\/users\/1"}],"replies":[{"embeddable":true,"href":"https:\/\/facemsoft.ro\/en\/wp-json\/wp\/v2\/comments?post=3370"}],"version-history":[{"count":0,"href":"https:\/\/facemsoft.ro\/en\/wp-json\/wp\/v2\/pages\/3370\/revisions"}],"wp:featuredmedia":[{"embeddable":true,"href":"https:\/\/facemsoft.ro\/en\/wp-json\/wp\/v2\/media\/3381"}],"wp:attachment":[{"href":"https:\/\/facemsoft.ro\/en\/wp-json\/wp\/v2\/media?parent=3370"}],"curies":[{"name":"wp","href":"https:\/\/api.w.org\/{rel}","templated":true}]}}