{"id":1616,"date":"2017-11-05T23:03:59","date_gmt":"2017-11-05T21:03:59","guid":{"rendered":"https:\/\/facemsoft.ro\/?page_id=1616"},"modified":"2020-01-05T23:19:12","modified_gmt":"2020-01-05T21:19:12","slug":"resurse","status":"publish","type":"page","link":"https:\/\/facemsoft.ro\/en\/resurse\/","title":{"rendered":"Resources"},"content":{"rendered":"<div data-elementor-type=\"wp-post\" data-elementor-id=\"1616\" class=\"elementor elementor-1616\">\n\t\t\t\t\t\t<section class=\"elementor-section elementor-top-section elementor-element elementor-element-pwgtnwr elementor-section-boxed elementor-section-height-default elementor-section-height-default\" data-id=\"pwgtnwr\" data-element_type=\"section\" data-e-type=\"section\">\n\t\t\t\t\t\t<div class=\"elementor-container elementor-column-gap-default\">\n\t\t\t\t\t<div class=\"elementor-column elementor-col-100 elementor-top-column elementor-element elementor-element-jr7trrl\" data-id=\"jr7trrl\" data-element_type=\"column\" data-e-type=\"column\">\n\t\t\t<div class=\"elementor-widget-wrap elementor-element-populated\">\n\t\t\t\t\t\t<div class=\"elementor-element elementor-element-p1bkwvh elementor-drop-cap-yes elementor-drop-cap-view-default elementor-widget elementor-widget-text-editor\" data-id=\"p1bkwvh\" data-element_type=\"widget\" data-e-type=\"widget\" data-settings=\"{&quot;drop_cap&quot;:&quot;yes&quot;}\" data-widget_type=\"text-editor.default\">\n\t\t\t\t<div class=\"elementor-widget-container\">\n\t\t\t\t\t\t\t\t\t<p>Acest site nu ar fi fost posibil f\u0103r\u0103 utilizarea unor resurse create de al\u021bi programatori sau designeri pasiona\u021bi. Pentru c\u0103 le apreciem munca, enumer\u0103m mai jos o list\u0103 de elemente gratuite folosite:<\/p><ul><li><a href=\"https:\/\/wordpress.org\/\">WordPress<\/a><\/li><li><a href=\"https:\/\/themeisle.com\/themes\/hestia\/\">Hestia<\/a><\/li><li><a href=\"https:\/\/translatepress.com\/\">Translatepress<\/a><\/li><li>Icons made by <a href=\"https:\/\/www.flaticon.com\/authors\/vectors-market\">Vectors Market<\/a>\u00a0from\u00a0<a title=\"Flaticon\" href=\"http:\/\/www.flaticon.com\/\">www.flaticon.com<\/a><\/li><li><div>Icons made by <a href=\"https:\/\/www.flaticon.com\/authors\/twitter\" title=\"Twitter\">Twitter<\/a> from <a href=\"https:\/\/www.flaticon.com\/\" title=\"Flaticon\">www.flaticon.com<\/a><\/div><\/li><li>Icons made by <a href=\"https:\/\/www.flaticon.com\/authors\/smashicons\">Smashicons<\/a>\u00a0from\u00a0<a title=\"Flaticon\" href=\"http:\/\/www.flaticon.com\/\">www.flaticon.com<\/a><\/li><li><div>Icons made by <a href=\"https:\/\/www.flaticon.com\/authors\/pixel-buddha\" title=\"Pixel Buddha\">Pixel Buddha<\/a> from <a href=\"https:\/\/www.flaticon.com\/\" title=\"Flaticon\">www.flaticon.com<\/a><\/div><\/li><li><div>Icons made by <a href=\"https:\/\/www.flaticon.com\/authors\/surang\" title=\"surang\">surang<\/a> from <a href=\"https:\/\/www.flaticon.com\/\" title=\"Flaticon\">www.flaticon.com<\/a><\/div><\/li><li><div>Icons made by <a href=\"https:\/\/www.flaticon.com\/authors\/prettycons\" title=\"prettycons\">prettycons<\/a> from <a href=\"https:\/\/www.flaticon.com\/\" title=\"Flaticon\">www.flaticon.com<\/a><\/div><\/li><li>Icons made by\u00a0<a title=\"Freepik\" href=\"http:\/\/www.freepik.com\/\">Freepik<\/a>\u00a0from\u00a0<a title=\"Flaticon\" href=\"http:\/\/www.flaticon.com\/\">www.flaticon.com<\/a><\/li><li><div>Icons made by <a href=\"https:\/\/www.flaticon.com\/authors\/pixel-perfect\" title=\"Pixel perfect\">Pixel perfect<\/a> from <a href=\"https:\/\/www.flaticon.com\/\" title=\"Flaticon\">www.flaticon.com<\/a><\/div><\/li><li><a href=\"https:\/\/www.freepik.com\/free-photos-vectors\/background\">Background vector created by Iconicbestiary &#8211; Freepik.com<\/a><\/li><li><a href=\"https:\/\/www.freepik.com\/free-photos-vectors\/background\">Background vector created by Vectorpocket &#8211; Freepik.com<\/a><\/li><li><a href=\"https:\/\/www.freepik.com\/free-photos-vectors\/banner\">Banner vector created by Makyzz &#8211; Freepik.com<\/a><\/li><li><a href=\"https:\/\/www.freepik.com\/free-photos-vectors\/vintage\">Vintage vector created by Freepik<\/a><\/li><li><a href=\"https:\/\/www.freepik.com\/free-photos-vectors\/background\">Background vector created by macrovector\u00a0&#8211; Freepik.com<\/a><\/li><li><a href=\"http:\/\/www.freepik.com\">Design by Dooder \/ Freepik<\/a><\/li><li><a href=\"http:\/\/www.freepik.com\">Design by Vecteezy \/ Freepik<\/a><\/li><li><a href=\"https:\/\/www.freepik.com\/free-vector\/web-designs-collection_1052922.htm\">Design by GraphiqaStock \/ Freepik<\/a><\/li><\/ul>\t\t\t\t\t\t\t\t<\/div>\n\t\t\t\t<\/div>\n\t\t\t\t\t<\/div>\n\t\t<\/div>\n\t\t\t\t\t<\/div>\n\t\t<\/section>\n\t\t\t\t<\/div>","protected":false},"excerpt":{"rendered":"<p>Acest site nu ar fi fost posibil f\u0103r\u0103 utilizarea unor resurse create de al\u021bi programatori sau designeri pasiona\u021bi. Pentru c\u0103 le apreciem munca, enumer\u0103m mai jos o list\u0103 de elemente gratuite folosite: WordPress Hestia Translatepress Icons made by Vectors Market\u00a0from\u00a0www.flaticon.com Icons made by Twitter from www.flaticon.com Icons made by Smashicons\u00a0from\u00a0www.flaticon.com [&hellip;]<\/p>\n","protected":false},"author":1,"featured_media":1623,"parent":0,"menu_order":0,"comment_status":"closed","ping_status":"closed","template":"","meta":{"footnotes":""},"class_list":["post-1616","page","type-page","status-publish","has-post-thumbnail","hentry"],"yoast_head":"<!-- This site is optimized with the Yoast SEO plugin v27.4 - https:\/\/yoast.com\/product\/yoast-seo-wordpress\/ -->\n<title>Resurse - Facem Soft<\/title>\n<meta name=\"robots\" content=\"index, follow, max-snippet:-1, max-image-preview:large, max-video-preview:-1\" \/>\n<link rel=\"canonical\" href=\"https:\/\/facemsoft.ro\/en\/resurse\/\" \/>\n<meta property=\"og:locale\" content=\"en_GB\" \/>\n<meta property=\"og:type\" content=\"article\" \/>\n<meta property=\"og:title\" content=\"Resurse - Facem Soft\" \/>\n<meta property=\"og:description\" content=\"Acest site nu ar fi fost posibil f\u0103r\u0103 utilizarea unor resurse create de al\u021bi programatori sau designeri pasiona\u021bi. Pentru c\u0103 le apreciem munca, enumer\u0103m mai jos o list\u0103 de elemente gratuite folosite: WordPress Hestia Translatepress Icons made by Vectors Market\u00a0from\u00a0www.flaticon.com Icons made by Twitter from www.flaticon.com Icons made by Smashicons\u00a0from\u00a0www.flaticon.com [&hellip;]\" \/>\n<meta property=\"og:url\" content=\"https:\/\/facemsoft.ro\/en\/resurse\/\" \/>\n<meta property=\"og:site_name\" content=\"Facem Soft\" \/>\n<meta property=\"article:publisher\" content=\"https:\/\/www.facebook.com\/facemsoft\" \/>\n<meta property=\"article:modified_time\" content=\"2020-01-05T21:19:12+00:00\" \/>\n<meta property=\"og:image\" content=\"https:\/\/i2.wp.com\/facemsoft.ro\/wp-content\/uploads\/2017\/11\/resurse.png?fit=1920%2C1131&ssl=1\" \/>\n\t<meta property=\"og:image:width\" content=\"1920\" \/>\n\t<meta property=\"og:image:height\" content=\"1131\" \/>\n\t<meta property=\"og:image:type\" content=\"image\/png\" \/>\n<meta name=\"twitter:card\" content=\"summary_large_image\" \/>\n<meta name=\"twitter:label1\" content=\"Estimated reading time\" \/>\n\t<meta name=\"twitter:data1\" content=\"1 minute\" \/>\n<script type=\"application\/ld+json\" class=\"yoast-schema-graph\">{\"@context\":\"https:\\\/\\\/schema.org\",\"@graph\":[{\"@type\":\"WebPage\",\"@id\":\"https:\\\/\\\/facemsoft.ro\\\/en\\\/resurse\\\/\",\"url\":\"https:\\\/\\\/facemsoft.ro\\\/en\\\/resurse\\\/\",\"name\":\"Resurse - Facem Soft\",\"isPartOf\":{\"@id\":\"https:\\\/\\\/facemsoft.ro\\\/#website\"},\"primaryImageOfPage\":{\"@id\":\"https:\\\/\\\/facemsoft.ro\\\/en\\\/resurse\\\/#primaryimage\"},\"image\":{\"@id\":\"https:\\\/\\\/facemsoft.ro\\\/en\\\/resurse\\\/#primaryimage\"},\"thumbnailUrl\":\"https:\\\/\\\/i0.wp.com\\\/facemsoft.ro\\\/wp-content\\\/uploads\\\/2017\\\/11\\\/resurse.png?fit=1920%2C1131&ssl=1\",\"datePublished\":\"2017-11-05T21:03:59+00:00\",\"dateModified\":\"2020-01-05T21:19:12+00:00\",\"inLanguage\":\"en-GB\",\"potentialAction\":[{\"@type\":\"ReadAction\",\"target\":[\"https:\\\/\\\/facemsoft.ro\\\/en\\\/resurse\\\/\"]}]},{\"@type\":\"ImageObject\",\"inLanguage\":\"en-GB\",\"@id\":\"https:\\\/\\\/facemsoft.ro\\\/en\\\/resurse\\\/#primaryimage\",\"url\":\"https:\\\/\\\/i0.wp.com\\\/facemsoft.ro\\\/wp-content\\\/uploads\\\/2017\\\/11\\\/resurse.png?fit=1920%2C1131&ssl=1\",\"contentUrl\":\"https:\\\/\\\/i0.wp.com\\\/facemsoft.ro\\\/wp-content\\\/uploads\\\/2017\\\/11\\\/resurse.png?fit=1920%2C1131&ssl=1\",\"width\":\"1920\",\"height\":\"1131\",\"caption\":\"resurse\"},{\"@type\":\"WebSite\",\"@id\":\"https:\\\/\\\/facemsoft.ro\\\/#website\",\"url\":\"https:\\\/\\\/facemsoft.ro\\\/\",\"name\":\"Facem Soft\",\"description\":\"Cursuri IT livrate din pasiune pentru programare\",\"publisher\":{\"@id\":\"https:\\\/\\\/facemsoft.ro\\\/#organization\"},\"potentialAction\":[{\"@type\":\"SearchAction\",\"target\":{\"@type\":\"EntryPoint\",\"urlTemplate\":\"https:\\\/\\\/facemsoft.ro\\\/?s={search_term_string}\"},\"query-input\":{\"@type\":\"PropertyValueSpecification\",\"valueRequired\":true,\"valueName\":\"search_term_string\"}}],\"inLanguage\":\"en-GB\"},{\"@type\":\"Organization\",\"@id\":\"https:\\\/\\\/facemsoft.ro\\\/#organization\",\"name\":\"S.C. Facem Soft - Training & Consulting S.R.L.\",\"url\":\"https:\\\/\\\/facemsoft.ro\\\/\",\"logo\":{\"@type\":\"ImageObject\",\"inLanguage\":\"en-GB\",\"@id\":\"https:\\\/\\\/facemsoft.ro\\\/#\\\/schema\\\/logo\\\/image\\\/\",\"url\":\"https:\\\/\\\/i0.wp.com\\\/facemsoft.ro\\\/wp-content\\\/uploads\\\/2017\\\/09\\\/logo_site_v3.png?fit=3333%2C2500&ssl=1\",\"contentUrl\":\"https:\\\/\\\/i0.wp.com\\\/facemsoft.ro\\\/wp-content\\\/uploads\\\/2017\\\/09\\\/logo_site_v3.png?fit=3333%2C2500&ssl=1\",\"width\":3333,\"height\":2500,\"caption\":\"S.C. Facem Soft - Training & Consulting S.R.L.\"},\"image\":{\"@id\":\"https:\\\/\\\/facemsoft.ro\\\/#\\\/schema\\\/logo\\\/image\\\/\"},\"sameAs\":[\"https:\\\/\\\/www.facebook.com\\\/facemsoft\",\"https:\\\/\\\/www.instagram.com\\\/bogdaniancu88\\\/\",\"https:\\\/\\\/www.linkedin.com\\\/in\\\/bogdaniancu88\\\/\",\"https:\\\/\\\/www.youtube.com\\\/FacemSoft\"]}]}<\/script>\n<!-- \/ Yoast SEO plugin. -->","yoast_head_json":{"title":"Resurse - Facem Soft","robots":{"index":"index","follow":"follow","max-snippet":"max-snippet:-1","max-image-preview":"max-image-preview:large","max-video-preview":"max-video-preview:-1"},"canonical":"https:\/\/facemsoft.ro\/en\/resurse\/","og_locale":"en_GB","og_type":"article","og_title":"Resurse - Facem Soft","og_description":"Acest site nu ar fi fost posibil f\u0103r\u0103 utilizarea unor resurse create de al\u021bi programatori sau designeri pasiona\u021bi. Pentru c\u0103 le apreciem munca, enumer\u0103m mai jos o list\u0103 de elemente gratuite folosite: WordPress Hestia Translatepress Icons made by Vectors Market\u00a0from\u00a0www.flaticon.com Icons made by Twitter from www.flaticon.com Icons made by Smashicons\u00a0from\u00a0www.flaticon.com [&hellip;]","og_url":"https:\/\/facemsoft.ro\/en\/resurse\/","og_site_name":"Facem Soft","article_publisher":"https:\/\/www.facebook.com\/facemsoft","article_modified_time":"2020-01-05T21:19:12+00:00","og_image":[{"width":1920,"height":1131,"url":"https:\/\/i2.wp.com\/facemsoft.ro\/wp-content\/uploads\/2017\/11\/resurse.png?fit=1920%2C1131&ssl=1","type":"image\/png"}],"twitter_card":"summary_large_image","twitter_misc":{"Estimated reading time":"1 minute"},"schema":{"@context":"https:\/\/schema.org","@graph":[{"@type":"WebPage","@id":"https:\/\/facemsoft.ro\/en\/resurse\/","url":"https:\/\/facemsoft.ro\/en\/resurse\/","name":"Resurse - Facem Soft","isPartOf":{"@id":"https:\/\/facemsoft.ro\/#website"},"primaryImageOfPage":{"@id":"https:\/\/facemsoft.ro\/en\/resurse\/#primaryimage"},"image":{"@id":"https:\/\/facemsoft.ro\/en\/resurse\/#primaryimage"},"thumbnailUrl":"https:\/\/i0.wp.com\/facemsoft.ro\/wp-content\/uploads\/2017\/11\/resurse.png?fit=1920%2C1131&ssl=1","datePublished":"2017-11-05T21:03:59+00:00","dateModified":"2020-01-05T21:19:12+00:00","inLanguage":"en-GB","potentialAction":[{"@type":"ReadAction","target":["https:\/\/facemsoft.ro\/en\/resurse\/"]}]},{"@type":"ImageObject","inLanguage":"en-GB","@id":"https:\/\/facemsoft.ro\/en\/resurse\/#primaryimage","url":"https:\/\/i0.wp.com\/facemsoft.ro\/wp-content\/uploads\/2017\/11\/resurse.png?fit=1920%2C1131&ssl=1","contentUrl":"https:\/\/i0.wp.com\/facemsoft.ro\/wp-content\/uploads\/2017\/11\/resurse.png?fit=1920%2C1131&ssl=1","width":"1920","height":"1131","caption":"resurse"},{"@type":"WebSite","@id":"https:\/\/facemsoft.ro\/#website","url":"https:\/\/facemsoft.ro\/","name":"Facem Soft","description":"Cursuri IT livrate din pasiune pentru programare","publisher":{"@id":"https:\/\/facemsoft.ro\/#organization"},"potentialAction":[{"@type":"SearchAction","target":{"@type":"EntryPoint","urlTemplate":"https:\/\/facemsoft.ro\/?s={search_term_string}"},"query-input":{"@type":"PropertyValueSpecification","valueRequired":true,"valueName":"search_term_string"}}],"inLanguage":"en-GB"},{"@type":"Organization","@id":"https:\/\/facemsoft.ro\/#organization","name":"S.C. Facem Soft - Training & Consulting S.R.L.","url":"https:\/\/facemsoft.ro\/","logo":{"@type":"ImageObject","inLanguage":"en-GB","@id":"https:\/\/facemsoft.ro\/#\/schema\/logo\/image\/","url":"https:\/\/i0.wp.com\/facemsoft.ro\/wp-content\/uploads\/2017\/09\/logo_site_v3.png?fit=3333%2C2500&ssl=1","contentUrl":"https:\/\/i0.wp.com\/facemsoft.ro\/wp-content\/uploads\/2017\/09\/logo_site_v3.png?fit=3333%2C2500&ssl=1","width":3333,"height":2500,"caption":"S.C. Facem Soft - Training & Consulting S.R.L."},"image":{"@id":"https:\/\/facemsoft.ro\/#\/schema\/logo\/image\/"},"sameAs":["https:\/\/www.facebook.com\/facemsoft","https:\/\/www.instagram.com\/bogdaniancu88\/","https:\/\/www.linkedin.com\/in\/bogdaniancu88\/","https:\/\/www.youtube.com\/FacemSoft"]}]}},"jetpack_sharing_enabled":false,"jetpack_shortlink":"https:\/\/wp.me\/P81Qbo-q4","_links":{"self":[{"href":"https:\/\/facemsoft.ro\/en\/wp-json\/wp\/v2\/pages\/1616","targetHints":{"allow":["GET"]}}],"collection":[{"href":"https:\/\/facemsoft.ro\/en\/wp-json\/wp\/v2\/pages"}],"about":[{"href":"https:\/\/facemsoft.ro\/en\/wp-json\/wp\/v2\/types\/page"}],"author":[{"embeddable":true,"href":"https:\/\/facemsoft.ro\/en\/wp-json\/wp\/v2\/users\/1"}],"replies":[{"embeddable":true,"href":"https:\/\/facemsoft.ro\/en\/wp-json\/wp\/v2\/comments?post=1616"}],"version-history":[{"count":0,"href":"https:\/\/facemsoft.ro\/en\/wp-json\/wp\/v2\/pages\/1616\/revisions"}],"wp:featuredmedia":[{"embeddable":true,"href":"https:\/\/facemsoft.ro\/en\/wp-json\/wp\/v2\/media\/1623"}],"wp:attachment":[{"href":"https:\/\/facemsoft.ro\/en\/wp-json\/wp\/v2\/media?parent=1616"}],"curies":[{"name":"wp","href":"https:\/\/api.w.org\/{rel}","templated":true}]}}